{"id":50666,"date":"2026-04-18T00:31:56","date_gmt":"2026-04-17T22:31:56","guid":{"rendered":"https:\/\/papaduk.com\/?post_type=product&#038;p=50666"},"modified":"2026-05-03T11:09:29","modified_gmt":"2026-05-03T09:09:29","slug":"ambre-supreme-50ml","status":"publish","type":"product","link":"https:\/\/papaduk.com\/en\/producto\/ambre-supreme-50ml\/","title":{"rendered":"AMBRE SUPREME 50ML"},"content":{"rendered":"<h2 data-start=\"17\" data-end=\"75\">Perfume AMBRE SUPREME de Les Indemodables \u2013 \u00e1mbar floral<\/h2>\n<p data-start=\"111\" data-end=\"427\">El perfume AMBRE SUPREME de Les Indemodables es una fragancia floral ambarada que gira en torno al \u00e1mbar gris, uno de los ingredientes m\u00e1s fascinantes de la perfumer\u00eda. Luminoso y profundo a la vez, este perfume explora el equilibrio entre lo et\u00e9reo y lo animalic, creando una experiencia envolvente y sofisticada.<\/p>\n<p data-start=\"429\" data-end=\"715\">La salida es vibrante y especiada. Los aldeh\u00eddos aportan una sensaci\u00f3n limpia y brillante, mientras la pimienta rosa, el cardamomo y la salvia esclarea introducen un car\u00e1cter arom\u00e1tico y ligeramente picante. Es una apertura que combina frescura con intensidad desde el primer momento.<\/p>\n<p data-start=\"717\" data-end=\"1051\">En el coraz\u00f3n, la fragancia revela su faceta m\u00e1s floral. El jazm\u00edn absoluto y la flor de azahar se mezclan con el neroli, creando un acorde blanco, luminoso y elegante. A diferencia de los perfumes florales cl\u00e1sicos, aqu\u00ed las flores est\u00e1n amplificadas por el \u00e1mbar gris, que suaviza los bordes y aporta una textura casi transl\u00facida.<\/p>\n<p data-start=\"1053\" data-end=\"1332\">El fondo es donde el perfume muestra su complejidad. El patchouli y la siempreviva aportan profundidad, mientras el \u00e1mbar gris introduce matices minerales, salinos y ligeramente animales. Es una base que oscila entre luz y sombra, dejando una estela sofisticada y muy personal.<\/p>\n<p data-start=\"1334\" data-end=\"1501\">Ideal para quienes buscan un perfume elegante con matices \u00fanicos.<br data-start=\"1399\" data-end=\"1402\" \/>Perfecto para ocasiones especiales o para quienes quieren una fragancia con evoluci\u00f3n y car\u00e1cter.<\/p>","protected":false},"excerpt":{"rendered":"<p>Perfume \u00e1mbar floral con jazm\u00edn, azahar y \u00e1mbar gris, luminoso y profundo.<br data-start=\"1622\" data-end=\"1625\" \/><strong data-start=\"1625\" data-end=\"1642\">Size: 50 ml<\/strong><\/p>","protected":false},"featured_media":53162,"comment_status":"open","ping_status":"closed","template":"","meta":{"_acf_changed":false},"product_brand":[],"product_cat":[1481],"product_tag":[],"papapicks":[],"notas-olfativas":[1639,1516,1560,1812,1494,1519],"coleccion":[],"tipo":[2148],"familias-olfativas":[1420],"marcas":[2993],"class_list":{"0":"post-50666","1":"product","2":"type-product","3":"status-publish","4":"has-post-thumbnail","6":"product_cat-perfumeria","7":"notas-olfativas-aldehidos","8":"notas-olfativas-ambar-gris","9":"notas-olfativas-cardamomo","10":"notas-olfativas-flor-de-azahar","11":"notas-olfativas-neroli","12":"notas-olfativas-pimienta-rosa","13":"tipo-eau-de-parfum","14":"familias-olfativas-florales","15":"marcas-les-indemodables","17":"first","18":"instock","19":"taxable","20":"shipping-taxable","21":"purchasable","22":"product-type-simple"},"acf":[],"_links":{"self":[{"href":"https:\/\/papaduk.com\/en\/wp-json\/wp\/v2\/product\/50666","targetHints":{"allow":["GET"]}}],"collection":[{"href":"https:\/\/papaduk.com\/en\/wp-json\/wp\/v2\/product"}],"about":[{"href":"https:\/\/papaduk.com\/en\/wp-json\/wp\/v2\/types\/product"}],"replies":[{"embeddable":true,"href":"https:\/\/papaduk.com\/en\/wp-json\/wp\/v2\/comments?post=50666"}],"wp:featuredmedia":[{"embeddable":true,"href":"https:\/\/papaduk.com\/en\/wp-json\/wp\/v2\/media\/53162"}],"wp:attachment":[{"href":"https:\/\/papaduk.com\/en\/wp-json\/wp\/v2\/media?parent=50666"}],"wp:term":[{"taxonomy":"product_brand","embeddable":true,"href":"https:\/\/papaduk.com\/en\/wp-json\/wp\/v2\/product_brand?post=50666"},{"taxonomy":"product_cat","embeddable":true,"href":"https:\/\/papaduk.com\/en\/wp-json\/wp\/v2\/product_cat?post=50666"},{"taxonomy":"product_tag","embeddable":true,"href":"https:\/\/papaduk.com\/en\/wp-json\/wp\/v2\/product_tag?post=50666"},{"taxonomy":"papapicks","embeddable":true,"href":"https:\/\/papaduk.com\/en\/wp-json\/wp\/v2\/papapicks?post=50666"},{"taxonomy":"notas-olfativas","embeddable":true,"href":"https:\/\/papaduk.com\/en\/wp-json\/wp\/v2\/notas-olfativas?post=50666"},{"taxonomy":"coleccion","embeddable":true,"href":"https:\/\/papaduk.com\/en\/wp-json\/wp\/v2\/coleccion?post=50666"},{"taxonomy":"tipo","embeddable":true,"href":"https:\/\/papaduk.com\/en\/wp-json\/wp\/v2\/tipo?post=50666"},{"taxonomy":"familias-olfativas","embeddable":true,"href":"https:\/\/papaduk.com\/en\/wp-json\/wp\/v2\/familias-olfativas?post=50666"},{"taxonomy":"marcas","embeddable":true,"href":"https:\/\/papaduk.com\/en\/wp-json\/wp\/v2\/marcas?post=50666"}],"curies":[{"name":"wp","href":"https:\/\/api.w.org\/{rel}","templated":true}]}}