{"id":50661,"date":"2026-04-18T00:31:42","date_gmt":"2026-04-17T22:31:42","guid":{"rendered":"https:\/\/papaduk.com\/?post_type=product&#038;p=50661"},"modified":"2026-05-03T11:08:09","modified_gmt":"2026-05-03T09:08:09","slug":"iris-perle-50ml","status":"publish","type":"product","link":"https:\/\/papaduk.com\/en\/producto\/iris-perle-50ml\/","title":{"rendered":"IRIS PERLE 50ML"},"content":{"rendered":"<h2 data-start=\"17\" data-end=\"74\">Perfume IRIS PERLE de Les Indemodables \u2013 iris empolvado<\/h2>\n<p data-start=\"110\" data-end=\"352\">El perfume IRIS PERLE de Les Indemodables es una fragancia floral ligera que eleva el iris a su forma m\u00e1s refinada y luminosa. Un aroma elegante, sedoso y con una textura casi t\u00e1ctil, donde cada nota parece pulida hasta su m\u00e1xima expresi\u00f3n.<\/p>\n<p data-start=\"354\" data-end=\"620\">La salida transmite una sensaci\u00f3n de frescura limpia y sofisticada. La salvia esclarea y los matices verdes aportan claridad y ligereza, preparando el terreno para una evoluci\u00f3n suave y perfectamente equilibrada. Es una apertura discreta, pero con mucha intenci\u00f3n.<\/p>\n<p data-start=\"622\" data-end=\"1026\">En el coraz\u00f3n, la fragancia despliega toda su riqueza floral. La mimosa aporta un tono meloso y luminoso, mientras el jazm\u00edn y el ylang-ylang a\u00f1aden profundidad y sensualidad. El iris, protagonista absoluto, aparece cremoso, empolvado y ligeramente terroso, creando una textura elegante y envolvente. A diferencia de los perfumes florales m\u00e1s intensos, aqu\u00ed todo se percibe fluido, delicado y sin peso.<\/p>\n<p data-start=\"1028\" data-end=\"1240\">El fondo se mantiene suave y continuo, reforzando esa sensaci\u00f3n de piel cuidada y limpia. El iris persiste junto a matices florales y verdes, dejando una estela discreta pero sofisticada, como una segunda piel.<\/p>\n<p data-start=\"1242\" data-end=\"1397\">Ideal para quienes buscan una fragancia elegante y sutil.<br data-start=\"1299\" data-end=\"1302\" \/>Perfecto para el d\u00eda a d\u00eda o para quienes prefieren perfumes limpios, empolvados y con clase.<\/p>","protected":false},"excerpt":{"rendered":"<p>Perfume floral de iris con mimosa y jazm\u00edn, suave, empolvado y elegante.<br data-start=\"1516\" data-end=\"1519\" \/><strong data-start=\"1519\" data-end=\"1536\">Size: 50 ml<\/strong><\/p>","protected":false},"featured_media":53172,"comment_status":"open","ping_status":"closed","template":"","meta":{"_acf_changed":false},"product_brand":[],"product_cat":[1481],"product_tag":[],"papapicks":[],"notas-olfativas":[],"coleccion":[],"tipo":[2148],"familias-olfativas":[],"marcas":[2993],"class_list":{"0":"post-50661","1":"product","2":"type-product","3":"status-publish","4":"has-post-thumbnail","6":"product_cat-perfumeria","7":"tipo-eau-de-parfum","8":"marcas-les-indemodables","10":"first","11":"instock","12":"taxable","13":"shipping-taxable","14":"purchasable","15":"product-type-simple"},"acf":[],"_links":{"self":[{"href":"https:\/\/papaduk.com\/en\/wp-json\/wp\/v2\/product\/50661","targetHints":{"allow":["GET"]}}],"collection":[{"href":"https:\/\/papaduk.com\/en\/wp-json\/wp\/v2\/product"}],"about":[{"href":"https:\/\/papaduk.com\/en\/wp-json\/wp\/v2\/types\/product"}],"replies":[{"embeddable":true,"href":"https:\/\/papaduk.com\/en\/wp-json\/wp\/v2\/comments?post=50661"}],"wp:featuredmedia":[{"embeddable":true,"href":"https:\/\/papaduk.com\/en\/wp-json\/wp\/v2\/media\/53172"}],"wp:attachment":[{"href":"https:\/\/papaduk.com\/en\/wp-json\/wp\/v2\/media?parent=50661"}],"wp:term":[{"taxonomy":"product_brand","embeddable":true,"href":"https:\/\/papaduk.com\/en\/wp-json\/wp\/v2\/product_brand?post=50661"},{"taxonomy":"product_cat","embeddable":true,"href":"https:\/\/papaduk.com\/en\/wp-json\/wp\/v2\/product_cat?post=50661"},{"taxonomy":"product_tag","embeddable":true,"href":"https:\/\/papaduk.com\/en\/wp-json\/wp\/v2\/product_tag?post=50661"},{"taxonomy":"papapicks","embeddable":true,"href":"https:\/\/papaduk.com\/en\/wp-json\/wp\/v2\/papapicks?post=50661"},{"taxonomy":"notas-olfativas","embeddable":true,"href":"https:\/\/papaduk.com\/en\/wp-json\/wp\/v2\/notas-olfativas?post=50661"},{"taxonomy":"coleccion","embeddable":true,"href":"https:\/\/papaduk.com\/en\/wp-json\/wp\/v2\/coleccion?post=50661"},{"taxonomy":"tipo","embeddable":true,"href":"https:\/\/papaduk.com\/en\/wp-json\/wp\/v2\/tipo?post=50661"},{"taxonomy":"familias-olfativas","embeddable":true,"href":"https:\/\/papaduk.com\/en\/wp-json\/wp\/v2\/familias-olfativas?post=50661"},{"taxonomy":"marcas","embeddable":true,"href":"https:\/\/papaduk.com\/en\/wp-json\/wp\/v2\/marcas?post=50661"}],"curies":[{"name":"wp","href":"https:\/\/api.w.org\/{rel}","templated":true}]}}