{"id":50038,"date":"2026-04-15T00:28:00","date_gmt":"2026-04-14T22:28:00","guid":{"rendered":"https:\/\/papaduk.com\/?post_type=product&#038;p=50038"},"modified":"2026-05-03T11:57:40","modified_gmt":"2026-05-03T09:57:40","slug":"sultan-vetiver-50ml","status":"publish","type":"product","link":"https:\/\/papaduk.com\/en\/producto\/sultan-vetiver-50ml\/","title":{"rendered":"SULTAN VETIVER 50ML"},"content":{"rendered":"<h2 data-start=\"17\" data-end=\"70\">Perfume SULTAN VETIVER de Nishane \u2013 vetiver intenso<\/h2>\n<p data-start=\"106\" data-end=\"372\">El perfume SULTAN VETIVER de Nishane es una fragancia amaderada verde que eleva el vetiver a su m\u00e1xima expresi\u00f3n. Intenso, terroso y sofisticado, este extrait de parfum re\u00fane distintas variedades de vetiver para crear un perfil profundo, complejo y muy distintivo.<\/p>\n<p data-start=\"374\" data-end=\"671\">La salida es vibrante y con car\u00e1cter. La bergamota aporta frescura c\u00edtrica, mientras el an\u00eds y la pimienta rosa introducen un matiz especiado y ligeramente anisado que marca la personalidad del perfume desde el inicio. Es una apertura directa, con un toque amargo que recuerda al regaliz oscuro.<\/p>\n<p data-start=\"673\" data-end=\"1096\">En el coraz\u00f3n, el vetiver se despliega en m\u00faltiples facetas. Desde el car\u00e1cter verde y h\u00famedo del vetiver haitiano hasta el lado m\u00e1s seco y terroso del vetiver de Java, la fragancia evoluciona mostrando matices herb\u00e1ceos, ligeramente salinos y con un fondo elegante. El neroli a\u00f1ade un contraste luminoso que equilibra la intensidad. A diferencia de los perfumes de vetiver m\u00e1s lineales, aqu\u00ed la complejidad es constante.<\/p>\n<p data-start=\"1098\" data-end=\"1336\">El fondo es c\u00e1lido y envolvente. La tonka y el \u00e1mbar suavizan la composici\u00f3n, mientras el cuero aporta un toque m\u00e1s profundo y sofisticado. El resultado es una estela rica, persistente y con una textura cremosa que se funde con la piel.<\/p>\n<p data-start=\"1338\" data-end=\"1475\">Ideal para amantes del vetiver y perfumes con car\u00e1cter.<br data-start=\"1393\" data-end=\"1396\" \/>Perfecto para quienes buscan una fragancia intensa, elegante y con evoluci\u00f3n.<\/p>","protected":false},"excerpt":{"rendered":"<p>Perfume de vetiver con an\u00eds, cuero y \u00e1mbar, profundo, verde y sofisticado.<br data-start=\"1596\" data-end=\"1599\" \/><strong data-start=\"1599\" data-end=\"1616\">Size: 50 ml<\/strong><\/p>","protected":false},"featured_media":53200,"comment_status":"open","ping_status":"closed","template":"","meta":{"_acf_changed":false},"product_brand":[],"product_cat":[1481],"product_tag":[],"papapicks":[],"notas-olfativas":[],"coleccion":[],"tipo":[2157],"familias-olfativas":[],"marcas":[2863],"class_list":{"0":"post-50038","1":"product","2":"type-product","3":"status-publish","4":"has-post-thumbnail","6":"product_cat-perfumeria","7":"tipo-extrait-de-parfum","8":"marcas-nishane","10":"first","11":"instock","12":"taxable","13":"shipping-taxable","14":"purchasable","15":"product-type-simple"},"acf":[],"_links":{"self":[{"href":"https:\/\/papaduk.com\/en\/wp-json\/wp\/v2\/product\/50038","targetHints":{"allow":["GET"]}}],"collection":[{"href":"https:\/\/papaduk.com\/en\/wp-json\/wp\/v2\/product"}],"about":[{"href":"https:\/\/papaduk.com\/en\/wp-json\/wp\/v2\/types\/product"}],"replies":[{"embeddable":true,"href":"https:\/\/papaduk.com\/en\/wp-json\/wp\/v2\/comments?post=50038"}],"wp:featuredmedia":[{"embeddable":true,"href":"https:\/\/papaduk.com\/en\/wp-json\/wp\/v2\/media\/53200"}],"wp:attachment":[{"href":"https:\/\/papaduk.com\/en\/wp-json\/wp\/v2\/media?parent=50038"}],"wp:term":[{"taxonomy":"product_brand","embeddable":true,"href":"https:\/\/papaduk.com\/en\/wp-json\/wp\/v2\/product_brand?post=50038"},{"taxonomy":"product_cat","embeddable":true,"href":"https:\/\/papaduk.com\/en\/wp-json\/wp\/v2\/product_cat?post=50038"},{"taxonomy":"product_tag","embeddable":true,"href":"https:\/\/papaduk.com\/en\/wp-json\/wp\/v2\/product_tag?post=50038"},{"taxonomy":"papapicks","embeddable":true,"href":"https:\/\/papaduk.com\/en\/wp-json\/wp\/v2\/papapicks?post=50038"},{"taxonomy":"notas-olfativas","embeddable":true,"href":"https:\/\/papaduk.com\/en\/wp-json\/wp\/v2\/notas-olfativas?post=50038"},{"taxonomy":"coleccion","embeddable":true,"href":"https:\/\/papaduk.com\/en\/wp-json\/wp\/v2\/coleccion?post=50038"},{"taxonomy":"tipo","embeddable":true,"href":"https:\/\/papaduk.com\/en\/wp-json\/wp\/v2\/tipo?post=50038"},{"taxonomy":"familias-olfativas","embeddable":true,"href":"https:\/\/papaduk.com\/en\/wp-json\/wp\/v2\/familias-olfativas?post=50038"},{"taxonomy":"marcas","embeddable":true,"href":"https:\/\/papaduk.com\/en\/wp-json\/wp\/v2\/marcas?post=50038"}],"curies":[{"name":"wp","href":"https:\/\/api.w.org\/{rel}","templated":true}]}}