{"id":49346,"date":"2026-04-01T00:17:27","date_gmt":"2026-03-31T22:17:27","guid":{"rendered":"https:\/\/papaduk.com\/?post_type=product&#038;p=49346"},"modified":"2026-05-06T00:15:19","modified_gmt":"2026-05-05T22:15:19","slug":"tempio-dacqua-30ml","status":"publish","type":"product","link":"https:\/\/papaduk.com\/en\/producto\/tempio-dacqua-30ml\/","title":{"rendered":"TEMPIO D&#8217;ACQUA 30ml"},"content":{"rendered":"<h2 data-start=\"17\" data-end=\"73\">Perfume TEMPIO D\u2019ACQUA de Casamorati \u2013 afrutado floral<\/h2>\n<p data-start=\"109\" data-end=\"370\">El perfume TEMPIO D\u2019ACQUA de Casamorati es una fragancia afrutada floral que combina frescura luminosa con una base c\u00e1lida y envolvente. Inspirado en la serenidad de la naturaleza, este aroma transmite equilibrio, elegancia y una sensaci\u00f3n de calma inmediata.<\/p>\n<p data-start=\"372\" data-end=\"605\">La salida es suave y jugosa. El melocot\u00f3n domina con una textura aterciopelada, aportando un dulzor delicado y refinado. No es una fruta intensa ni artificial, sino una interpretaci\u00f3n elegante que envuelve desde el primer instante.<\/p>\n<p data-start=\"607\" data-end=\"904\">En el coraz\u00f3n, la fragancia se vuelve m\u00e1s et\u00e9rea. La mahonial aporta una floralidad ligera y transl\u00facida, mientras los matices herb\u00e1ceos de hinojo y el cistus introducen una dimensi\u00f3n verde y natural. A diferencia de los perfumes afrutados m\u00e1s directos, aqu\u00ed la evoluci\u00f3n es sutil y sofisticada.<\/p>\n<p data-start=\"906\" data-end=\"1169\">El fondo aporta profundidad y calidez. La vainilla suaviza la composici\u00f3n con un toque cremoso, mientras la mirra a\u00f1ade un matiz ligeramente ahumado y resinoso. El ambroxan prolonga la estela, creando una sensaci\u00f3n moderna y elegante que se mantiene en la piel.<\/p>\n<p data-start=\"1171\" data-end=\"1322\">Ideal para quienes buscan una fragancia equilibrada y elegante.<br data-start=\"1234\" data-end=\"1237\" \/>Perfecto para el d\u00eda a d\u00eda o momentos donde quieres un aroma fresco pero con fondo.<\/p>","protected":false},"excerpt":{"rendered":"<p data-start=\"109\" data-end=\"370\">Perfume afrutado floral con melocot\u00f3n, vainilla y mirra, suave y elegante.<br data-start=\"1443\" data-end=\"1446\" \/><strong data-start=\"1446\" data-end=\"1463\">Size: 30 ml<\/strong><\/p>","protected":false},"featured_media":53186,"comment_status":"open","ping_status":"closed","template":"","meta":{"_acf_changed":false},"product_brand":[],"product_cat":[1481],"product_tag":[],"papapicks":[],"notas-olfativas":[],"coleccion":[],"tipo":[2148],"familias-olfativas":[],"marcas":[1202],"class_list":{"0":"post-49346","1":"product","2":"type-product","3":"status-publish","4":"has-post-thumbnail","6":"product_cat-perfumeria","7":"tipo-eau-de-parfum","8":"marcas-casamorati","10":"first","11":"instock","12":"taxable","13":"shipping-taxable","14":"purchasable","15":"product-type-simple"},"acf":[],"_links":{"self":[{"href":"https:\/\/papaduk.com\/en\/wp-json\/wp\/v2\/product\/49346","targetHints":{"allow":["GET"]}}],"collection":[{"href":"https:\/\/papaduk.com\/en\/wp-json\/wp\/v2\/product"}],"about":[{"href":"https:\/\/papaduk.com\/en\/wp-json\/wp\/v2\/types\/product"}],"replies":[{"embeddable":true,"href":"https:\/\/papaduk.com\/en\/wp-json\/wp\/v2\/comments?post=49346"}],"wp:featuredmedia":[{"embeddable":true,"href":"https:\/\/papaduk.com\/en\/wp-json\/wp\/v2\/media\/53186"}],"wp:attachment":[{"href":"https:\/\/papaduk.com\/en\/wp-json\/wp\/v2\/media?parent=49346"}],"wp:term":[{"taxonomy":"product_brand","embeddable":true,"href":"https:\/\/papaduk.com\/en\/wp-json\/wp\/v2\/product_brand?post=49346"},{"taxonomy":"product_cat","embeddable":true,"href":"https:\/\/papaduk.com\/en\/wp-json\/wp\/v2\/product_cat?post=49346"},{"taxonomy":"product_tag","embeddable":true,"href":"https:\/\/papaduk.com\/en\/wp-json\/wp\/v2\/product_tag?post=49346"},{"taxonomy":"papapicks","embeddable":true,"href":"https:\/\/papaduk.com\/en\/wp-json\/wp\/v2\/papapicks?post=49346"},{"taxonomy":"notas-olfativas","embeddable":true,"href":"https:\/\/papaduk.com\/en\/wp-json\/wp\/v2\/notas-olfativas?post=49346"},{"taxonomy":"coleccion","embeddable":true,"href":"https:\/\/papaduk.com\/en\/wp-json\/wp\/v2\/coleccion?post=49346"},{"taxonomy":"tipo","embeddable":true,"href":"https:\/\/papaduk.com\/en\/wp-json\/wp\/v2\/tipo?post=49346"},{"taxonomy":"familias-olfativas","embeddable":true,"href":"https:\/\/papaduk.com\/en\/wp-json\/wp\/v2\/familias-olfativas?post=49346"},{"taxonomy":"marcas","embeddable":true,"href":"https:\/\/papaduk.com\/en\/wp-json\/wp\/v2\/marcas?post=49346"}],"curies":[{"name":"wp","href":"https:\/\/api.w.org\/{rel}","templated":true}]}}