{"id":49345,"date":"2026-04-01T00:17:24","date_gmt":"2026-03-31T22:17:24","guid":{"rendered":"https:\/\/papaduk.com\/?post_type=product&#038;p=49345"},"modified":"2026-05-03T11:33:49","modified_gmt":"2026-05-03T09:33:49","slug":"tempio-dacqua-100ml","status":"publish","type":"product","link":"https:\/\/papaduk.com\/en\/producto\/tempio-dacqua-100ml\/","title":{"rendered":"TEMPIO D&#8217;ACQUA 100ml"},"content":{"rendered":"<h2 data-start=\"17\" data-end=\"73\">Perfume TEMPIO D\u2019ACQUA de Casamorati \u2013 afrutado floral<\/h2>\n<p data-start=\"109\" data-end=\"370\">El perfume TEMPIO D\u2019ACQUA de Casamorati es una fragancia afrutada floral que transmite calma, luz y conexi\u00f3n con la naturaleza. Inspirado en un santuario natural en las colinas de Parma, este aroma envuelve la piel con una sensaci\u00f3n de equilibrio y serenidad.<\/p>\n<p data-start=\"372\" data-end=\"617\">La salida es luminosa y jugosa. La bergamota y la mandarina aportan frescura c\u00edtrica, mientras el melocot\u00f3n introduce una textura suave, ligeramente dulce y aterciopelada. Es una apertura elegante que genera una sensaci\u00f3n inmediata de confort.<\/p>\n<p data-start=\"619\" data-end=\"923\">En el coraz\u00f3n, la fragancia se vuelve m\u00e1s et\u00e9rea y sofisticada. La mahonial aporta una floralidad ligera y aireada, mientras el hinojo y el aceite de cistus a\u00f1aden matices herb\u00e1ceos y verdes. A diferencia de los perfumes afrutados m\u00e1s simples, aqu\u00ed la evoluci\u00f3n es sutil, equilibrada y con profundidad.<\/p>\n<p data-start=\"925\" data-end=\"1186\">El fondo es c\u00e1lido y envolvente. La vainilla suaviza la composici\u00f3n con una cremosidad delicada, mientras la mirra introduce un matiz ligeramente ahumado y resinoso. El ambroxan aporta una estela moderna y persistente que se mantiene en la piel durante horas.<\/p>\n<p data-start=\"1188\" data-end=\"1344\">Ideal para quienes buscan una fragancia elegante y relajante.<br data-start=\"1249\" data-end=\"1252\" \/>Perfecto para el d\u00eda a d\u00eda o momentos donde quieres un aroma fresco con fondo sofisticado.<\/p>","protected":false},"excerpt":{"rendered":"<p>Perfume afrutado floral con melocot\u00f3n, vainilla y mirra, luminoso y envolvente.<br data-start=\"1470\" data-end=\"1473\" \/><strong data-start=\"1473\" data-end=\"1491\">Size: 100 ml<\/strong><\/p>","protected":false},"featured_media":53188,"comment_status":"open","ping_status":"closed","template":"","meta":{"_acf_changed":false},"product_brand":[],"product_cat":[1481],"product_tag":[],"papapicks":[],"notas-olfativas":[],"coleccion":[],"tipo":[2148],"familias-olfativas":[],"marcas":[1202],"class_list":{"0":"post-49345","1":"product","2":"type-product","3":"status-publish","4":"has-post-thumbnail","6":"product_cat-perfumeria","7":"tipo-eau-de-parfum","8":"marcas-casamorati","10":"first","11":"instock","12":"taxable","13":"shipping-taxable","14":"purchasable","15":"product-type-simple"},"acf":[],"_links":{"self":[{"href":"https:\/\/papaduk.com\/en\/wp-json\/wp\/v2\/product\/49345","targetHints":{"allow":["GET"]}}],"collection":[{"href":"https:\/\/papaduk.com\/en\/wp-json\/wp\/v2\/product"}],"about":[{"href":"https:\/\/papaduk.com\/en\/wp-json\/wp\/v2\/types\/product"}],"replies":[{"embeddable":true,"href":"https:\/\/papaduk.com\/en\/wp-json\/wp\/v2\/comments?post=49345"}],"wp:featuredmedia":[{"embeddable":true,"href":"https:\/\/papaduk.com\/en\/wp-json\/wp\/v2\/media\/53188"}],"wp:attachment":[{"href":"https:\/\/papaduk.com\/en\/wp-json\/wp\/v2\/media?parent=49345"}],"wp:term":[{"taxonomy":"product_brand","embeddable":true,"href":"https:\/\/papaduk.com\/en\/wp-json\/wp\/v2\/product_brand?post=49345"},{"taxonomy":"product_cat","embeddable":true,"href":"https:\/\/papaduk.com\/en\/wp-json\/wp\/v2\/product_cat?post=49345"},{"taxonomy":"product_tag","embeddable":true,"href":"https:\/\/papaduk.com\/en\/wp-json\/wp\/v2\/product_tag?post=49345"},{"taxonomy":"papapicks","embeddable":true,"href":"https:\/\/papaduk.com\/en\/wp-json\/wp\/v2\/papapicks?post=49345"},{"taxonomy":"notas-olfativas","embeddable":true,"href":"https:\/\/papaduk.com\/en\/wp-json\/wp\/v2\/notas-olfativas?post=49345"},{"taxonomy":"coleccion","embeddable":true,"href":"https:\/\/papaduk.com\/en\/wp-json\/wp\/v2\/coleccion?post=49345"},{"taxonomy":"tipo","embeddable":true,"href":"https:\/\/papaduk.com\/en\/wp-json\/wp\/v2\/tipo?post=49345"},{"taxonomy":"familias-olfativas","embeddable":true,"href":"https:\/\/papaduk.com\/en\/wp-json\/wp\/v2\/familias-olfativas?post=49345"},{"taxonomy":"marcas","embeddable":true,"href":"https:\/\/papaduk.com\/en\/wp-json\/wp\/v2\/marcas?post=49345"}],"curies":[{"name":"wp","href":"https:\/\/api.w.org\/{rel}","templated":true}]}}