{"id":48917,"date":"2026-03-28T00:26:03","date_gmt":"2026-03-27T23:26:03","guid":{"rendered":"https:\/\/papaduk.com\/?post_type=product&#038;p=48917"},"modified":"2026-05-03T12:03:12","modified_gmt":"2026-05-03T10:03:12","slug":"leau-dhiver-100ml","status":"publish","type":"product","link":"https:\/\/papaduk.com\/en\/producto\/leau-dhiver-100ml\/","title":{"rendered":"L'EAU D'HIVER 100ML"},"content":{"rendered":"<h2 data-start=\"17\" data-end=\"77\">Perfume L&#8217;EAU D&#8217;HIVER de Frederic Malle \u2013 floral empolvado<\/h2>\n<p data-start=\"113\" data-end=\"406\">El perfume L&#8217;EAU D&#8217;HIVER de Frederic Malle es una fragancia floral empolvada que transforma la idea de abrigo en algo ligero y casi invisible. Creado por Jean-Claude Ellena, este aroma se inspira en la pureza de una eau de cologne, pero reinterpretada con una calidez \u00edntima y reconfortante.<\/p>\n<p data-start=\"408\" data-end=\"653\">La salida es fresca y luminosa. La bergamota, el lim\u00f3n y el pomelo aportan una claridad c\u00edtrica, acompa\u00f1ada por notas verdes y un toque especiado de pimienta rosa. Es una apertura limpia, precisa, que se percibe como aire fresco sobre la piel.<\/p>\n<p data-start=\"655\" data-end=\"1028\">En el coraz\u00f3n aparece su verdadera esencia. El heliotropo, el iris y la violeta construyen una textura empolvada, suave y envolvente. La flor de azahar, el jazm\u00edn y el ylang-ylang a\u00f1aden una dimensi\u00f3n floral delicada, mientras la miel introduce una calidez ligera. A diferencia de los perfumes empolvados intensos, aqu\u00ed todo es transl\u00facido, como una nube que apenas pesa.<\/p>\n<p data-start=\"1030\" data-end=\"1294\">El fondo se asienta en la piel con discreci\u00f3n. El almizcle, el s\u00e1ndalo y el \u00e1mbar crean una base c\u00e1lida y limpia, acompa\u00f1ada por el benju\u00ed y la tonka, que aportan un matiz ligeramente dulce y cremoso. Es un perfume que no invade, sino que acompa\u00f1a con elegancia.<\/p>\n<p data-start=\"1296\" data-end=\"1449\">Ideal para quienes buscan una fragancia sutil y sofisticada.<br data-start=\"1356\" data-end=\"1359\" \/>Perfecto para el d\u00eda a d\u00eda, entornos tranquilos o pieles que prefieren perfumes ligeros.<\/p>","protected":false},"excerpt":{"rendered":"<p>Perfume floral empolvado con iris, heliotropo y almizcle, suave y luminoso.<br data-start=\"1571\" data-end=\"1574\" \/><strong data-start=\"1574\" data-end=\"1592\">Size: 100 ml<\/strong><\/p>","protected":false},"featured_media":53204,"comment_status":"open","ping_status":"closed","template":"","meta":{"_acf_changed":false},"product_brand":[],"product_cat":[1481],"product_tag":[],"papapicks":[],"notas-olfativas":[],"coleccion":[],"tipo":[2148],"familias-olfativas":[],"marcas":[1214],"class_list":{"0":"post-48917","1":"product","2":"type-product","3":"status-publish","4":"has-post-thumbnail","6":"product_cat-perfumeria","7":"tipo-eau-de-parfum","8":"marcas-frederic-malle","10":"first","11":"instock","12":"taxable","13":"shipping-taxable","14":"purchasable","15":"product-type-simple"},"acf":[],"_links":{"self":[{"href":"https:\/\/papaduk.com\/en\/wp-json\/wp\/v2\/product\/48917","targetHints":{"allow":["GET"]}}],"collection":[{"href":"https:\/\/papaduk.com\/en\/wp-json\/wp\/v2\/product"}],"about":[{"href":"https:\/\/papaduk.com\/en\/wp-json\/wp\/v2\/types\/product"}],"replies":[{"embeddable":true,"href":"https:\/\/papaduk.com\/en\/wp-json\/wp\/v2\/comments?post=48917"}],"wp:featuredmedia":[{"embeddable":true,"href":"https:\/\/papaduk.com\/en\/wp-json\/wp\/v2\/media\/53204"}],"wp:attachment":[{"href":"https:\/\/papaduk.com\/en\/wp-json\/wp\/v2\/media?parent=48917"}],"wp:term":[{"taxonomy":"product_brand","embeddable":true,"href":"https:\/\/papaduk.com\/en\/wp-json\/wp\/v2\/product_brand?post=48917"},{"taxonomy":"product_cat","embeddable":true,"href":"https:\/\/papaduk.com\/en\/wp-json\/wp\/v2\/product_cat?post=48917"},{"taxonomy":"product_tag","embeddable":true,"href":"https:\/\/papaduk.com\/en\/wp-json\/wp\/v2\/product_tag?post=48917"},{"taxonomy":"papapicks","embeddable":true,"href":"https:\/\/papaduk.com\/en\/wp-json\/wp\/v2\/papapicks?post=48917"},{"taxonomy":"notas-olfativas","embeddable":true,"href":"https:\/\/papaduk.com\/en\/wp-json\/wp\/v2\/notas-olfativas?post=48917"},{"taxonomy":"coleccion","embeddable":true,"href":"https:\/\/papaduk.com\/en\/wp-json\/wp\/v2\/coleccion?post=48917"},{"taxonomy":"tipo","embeddable":true,"href":"https:\/\/papaduk.com\/en\/wp-json\/wp\/v2\/tipo?post=48917"},{"taxonomy":"familias-olfativas","embeddable":true,"href":"https:\/\/papaduk.com\/en\/wp-json\/wp\/v2\/familias-olfativas?post=48917"},{"taxonomy":"marcas","embeddable":true,"href":"https:\/\/papaduk.com\/en\/wp-json\/wp\/v2\/marcas?post=48917"}],"curies":[{"name":"wp","href":"https:\/\/api.w.org\/{rel}","templated":true}]}}