{"id":48916,"date":"2026-03-28T00:26:00","date_gmt":"2026-03-27T23:26:00","guid":{"rendered":"https:\/\/papaduk.com\/?post_type=product&#038;p=48916"},"modified":"2026-05-04T00:23:42","modified_gmt":"2026-05-03T22:23:42","slug":"leau-dhiver-50ml","status":"publish","type":"product","link":"https:\/\/papaduk.com\/en\/producto\/leau-dhiver-50ml\/","title":{"rendered":"L'EAU D'HIVER 50ML"},"content":{"rendered":"<h2 data-start=\"17\" data-end=\"77\">Perfume L&#8217;EAU D&#8217;HIVER de Frederic Malle \u2013 floral empolvado<\/h2>\n<p data-start=\"113\" data-end=\"381\">El perfume L&#8217;EAU D&#8217;HIVER de Frederic Malle es una fragancia floral empolvada que redefine la idea de calidez desde la ligereza. Creado por Jean-Claude Ellena, este aroma se mueve entre lo et\u00e9reo y lo reconfortante, como una segunda piel suave que envuelve sin pesar.<\/p>\n<p data-start=\"383\" data-end=\"670\">La salida es fresca y delicada. La bergamota, el lim\u00f3n y el pomelo aportan una luminosidad limpia, acompa\u00f1ada por notas verdes y un toque especiado de pimienta rosa. Es una apertura sutil, sin estridencias, que recuerda a una colonia cl\u00e1sica reinterpretada con precisi\u00f3n contempor\u00e1nea.<\/p>\n<p data-start=\"672\" data-end=\"1064\">En el coraz\u00f3n, la fragancia se transforma en una nube empolvada y floral. El heliotropo, el iris y la violeta crean una textura aterciopelada, mientras la flor de azahar, el jazm\u00edn y el ylang-ylang aportan un matiz m\u00e1s c\u00e1lido y envolvente. La miel introduce un toque suave y ligeramente dulce. A diferencia de los perfumes florales intensos, aqu\u00ed todo es ligero, difuso y casi transparente.<\/p>\n<p data-start=\"1066\" data-end=\"1300\">El fondo mantiene esa sensaci\u00f3n de confort \u00edntimo. El almizcle, el s\u00e1ndalo y el \u00e1mbar crean una base c\u00e1lida y limpia, mientras el benju\u00ed y la tonka aportan una dulzura suave y cremosa. Es un perfume que no invade, sino que acompa\u00f1a.<\/p>\n<p data-start=\"1302\" data-end=\"1459\">Ideal para quienes buscan una fragancia discreta pero sofisticada.<br data-start=\"1368\" data-end=\"1371\" \/>Perfecto para el d\u00eda a d\u00eda, momentos de calma o pieles que prefieren perfumes sutiles.<\/p>","protected":false},"excerpt":{"rendered":"<p>Perfume floral empolvado con iris, heliotropo y almizcle, suave y envolvente.<br data-start=\"1583\" data-end=\"1586\" \/><strong data-start=\"1586\" data-end=\"1603\">Size: 50 ml<\/strong><\/p>","protected":false},"featured_media":53206,"comment_status":"open","ping_status":"closed","template":"","meta":{"_acf_changed":false},"product_brand":[],"product_cat":[1481],"product_tag":[],"papapicks":[],"notas-olfativas":[],"coleccion":[],"tipo":[2148],"familias-olfativas":[],"marcas":[1214],"class_list":{"0":"post-48916","1":"product","2":"type-product","3":"status-publish","4":"has-post-thumbnail","6":"product_cat-perfumeria","7":"tipo-eau-de-parfum","8":"marcas-frederic-malle","10":"first","11":"instock","12":"taxable","13":"shipping-taxable","14":"purchasable","15":"product-type-simple"},"acf":[],"_links":{"self":[{"href":"https:\/\/papaduk.com\/en\/wp-json\/wp\/v2\/product\/48916","targetHints":{"allow":["GET"]}}],"collection":[{"href":"https:\/\/papaduk.com\/en\/wp-json\/wp\/v2\/product"}],"about":[{"href":"https:\/\/papaduk.com\/en\/wp-json\/wp\/v2\/types\/product"}],"replies":[{"embeddable":true,"href":"https:\/\/papaduk.com\/en\/wp-json\/wp\/v2\/comments?post=48916"}],"wp:featuredmedia":[{"embeddable":true,"href":"https:\/\/papaduk.com\/en\/wp-json\/wp\/v2\/media\/53206"}],"wp:attachment":[{"href":"https:\/\/papaduk.com\/en\/wp-json\/wp\/v2\/media?parent=48916"}],"wp:term":[{"taxonomy":"product_brand","embeddable":true,"href":"https:\/\/papaduk.com\/en\/wp-json\/wp\/v2\/product_brand?post=48916"},{"taxonomy":"product_cat","embeddable":true,"href":"https:\/\/papaduk.com\/en\/wp-json\/wp\/v2\/product_cat?post=48916"},{"taxonomy":"product_tag","embeddable":true,"href":"https:\/\/papaduk.com\/en\/wp-json\/wp\/v2\/product_tag?post=48916"},{"taxonomy":"papapicks","embeddable":true,"href":"https:\/\/papaduk.com\/en\/wp-json\/wp\/v2\/papapicks?post=48916"},{"taxonomy":"notas-olfativas","embeddable":true,"href":"https:\/\/papaduk.com\/en\/wp-json\/wp\/v2\/notas-olfativas?post=48916"},{"taxonomy":"coleccion","embeddable":true,"href":"https:\/\/papaduk.com\/en\/wp-json\/wp\/v2\/coleccion?post=48916"},{"taxonomy":"tipo","embeddable":true,"href":"https:\/\/papaduk.com\/en\/wp-json\/wp\/v2\/tipo?post=48916"},{"taxonomy":"familias-olfativas","embeddable":true,"href":"https:\/\/papaduk.com\/en\/wp-json\/wp\/v2\/familias-olfativas?post=48916"},{"taxonomy":"marcas","embeddable":true,"href":"https:\/\/papaduk.com\/en\/wp-json\/wp\/v2\/marcas?post=48916"}],"curies":[{"name":"wp","href":"https:\/\/api.w.org\/{rel}","templated":true}]}}