{"id":48915,"date":"2026-03-28T00:05:43","date_gmt":"2026-03-27T23:05:43","guid":{"rendered":"https:\/\/papaduk.com\/?post_type=product&#038;p=48915"},"modified":"2026-05-03T11:35:10","modified_gmt":"2026-05-03T09:35:10","slug":"debaser-in-bloom-50ml","status":"publish","type":"product","link":"https:\/\/papaduk.com\/en\/producto\/debaser-in-bloom-50ml\/","title":{"rendered":"DEBASER IN BLOOM 50ml"},"content":{"rendered":"<h2 data-start=\"17\" data-end=\"78\">Perfume DEBASER IN BLOOM de DS &amp; Durga \u2013 higo floral fresco<\/h2>\n<p data-start=\"114\" data-end=\"353\">El perfume DEBASER IN BLOOM de DS &amp; Durga es una fragancia luminosa que mezcla higo, flores y acordes cremosos con un aire nost\u00e1lgico. Un aroma que recuerda a verano, a cintas reci\u00e9n abiertas y a momentos sencillos que se quedan contigo.<\/p>\n<p data-start=\"355\" data-end=\"648\">La salida es fresca y sorprendente. La grosella blanca aporta un toque jugoso y brillante, mientras la flor de romero introduce un matiz herbal limpio. La nota de cintas magnetof\u00f3nicas a\u00f1ade un giro inesperado, evocando esa sensaci\u00f3n c\u00e1lida y ligeramente pl\u00e1stica de los recuerdos musicales.<\/p>\n<p data-start=\"650\" data-end=\"928\">En el coraz\u00f3n, el perfume se vuelve m\u00e1s suave y envolvente. El higo se muestra verde y lechoso, acompa\u00f1ado por una gardenia luminosa y una crema que redondea la composici\u00f3n. A diferencia de los perfumes florales intensos, aqu\u00ed todo se siente ligero, natural y f\u00e1cil de llevar.<\/p>\n<p data-start=\"930\" data-end=\"1151\">El fondo deja una estela sutil pero adictiva. El almizcle se mezcla con la c\u00e1scara de coco y la hoja de frambuesa, creando una base suave, ligeramente dulce y con textura. Es un perfume que fluye contigo, sin imponerse.<\/p>\n<p data-start=\"1153\" data-end=\"1289\">Ideal para d\u00edas c\u00e1lidos y momentos relajados.<br data-start=\"1198\" data-end=\"1201\" \/>Perfecto para quienes buscan una fragancia fresca, creativa y con personalidad propia.<\/p>","protected":false},"excerpt":{"rendered":"<p>Perfume fresco de higo, gardenia y crema con un fondo suave y nost\u00e1lgico.<br data-start=\"1409\" data-end=\"1412\" \/><strong data-start=\"1412\" data-end=\"1429\">Size: 50 ml<\/strong><\/p>","protected":false},"featured_media":53190,"comment_status":"open","ping_status":"closed","template":"","meta":{"_acf_changed":false},"product_brand":[],"product_cat":[1481],"product_tag":[],"papapicks":[],"notas-olfativas":[1702,1550],"coleccion":[],"tipo":[2148],"familias-olfativas":[1406],"marcas":[1180],"class_list":{"0":"post-48915","1":"product","2":"type-product","3":"status-publish","4":"has-post-thumbnail","6":"product_cat-perfumeria","7":"notas-olfativas-gardenia","8":"notas-olfativas-higo","9":"tipo-eau-de-parfum","10":"familias-olfativas-afrutados","11":"marcas-dsdurga","13":"first","14":"instock","15":"taxable","16":"shipping-taxable","17":"purchasable","18":"product-type-simple"},"acf":[],"_links":{"self":[{"href":"https:\/\/papaduk.com\/en\/wp-json\/wp\/v2\/product\/48915","targetHints":{"allow":["GET"]}}],"collection":[{"href":"https:\/\/papaduk.com\/en\/wp-json\/wp\/v2\/product"}],"about":[{"href":"https:\/\/papaduk.com\/en\/wp-json\/wp\/v2\/types\/product"}],"replies":[{"embeddable":true,"href":"https:\/\/papaduk.com\/en\/wp-json\/wp\/v2\/comments?post=48915"}],"wp:featuredmedia":[{"embeddable":true,"href":"https:\/\/papaduk.com\/en\/wp-json\/wp\/v2\/media\/53190"}],"wp:attachment":[{"href":"https:\/\/papaduk.com\/en\/wp-json\/wp\/v2\/media?parent=48915"}],"wp:term":[{"taxonomy":"product_brand","embeddable":true,"href":"https:\/\/papaduk.com\/en\/wp-json\/wp\/v2\/product_brand?post=48915"},{"taxonomy":"product_cat","embeddable":true,"href":"https:\/\/papaduk.com\/en\/wp-json\/wp\/v2\/product_cat?post=48915"},{"taxonomy":"product_tag","embeddable":true,"href":"https:\/\/papaduk.com\/en\/wp-json\/wp\/v2\/product_tag?post=48915"},{"taxonomy":"papapicks","embeddable":true,"href":"https:\/\/papaduk.com\/en\/wp-json\/wp\/v2\/papapicks?post=48915"},{"taxonomy":"notas-olfativas","embeddable":true,"href":"https:\/\/papaduk.com\/en\/wp-json\/wp\/v2\/notas-olfativas?post=48915"},{"taxonomy":"coleccion","embeddable":true,"href":"https:\/\/papaduk.com\/en\/wp-json\/wp\/v2\/coleccion?post=48915"},{"taxonomy":"tipo","embeddable":true,"href":"https:\/\/papaduk.com\/en\/wp-json\/wp\/v2\/tipo?post=48915"},{"taxonomy":"familias-olfativas","embeddable":true,"href":"https:\/\/papaduk.com\/en\/wp-json\/wp\/v2\/familias-olfativas?post=48915"},{"taxonomy":"marcas","embeddable":true,"href":"https:\/\/papaduk.com\/en\/wp-json\/wp\/v2\/marcas?post=48915"}],"curies":[{"name":"wp","href":"https:\/\/api.w.org\/{rel}","templated":true}]}}