{"id":48436,"date":"2026-02-26T00:06:07","date_gmt":"2026-02-25T23:06:07","guid":{"rendered":"https:\/\/papaduk.com\/?post_type=product&#038;p=48436"},"modified":"2026-05-07T00:06:42","modified_gmt":"2026-05-06T22:06:42","slug":"orpheon-eau-de-toilette-100-ml","status":"publish","type":"product","link":"https:\/\/papaduk.com\/en\/producto\/orpheon-eau-de-toilette-100-ml\/","title":{"rendered":"ORPHEON EAU DE TOILETTE 100 ML"},"content":{"rendered":"<h2>ORPH\u00c9ON Perfume by Diptyque - fresh citrus and woody fragrance<\/h2>\n<p data-start=\"118\" data-end=\"527\">Diptyque's Orph\u00e9on perfume captures the vibrant spirit of the early hours of a Parisian night. Inspired by the legendary Orph\u00e9on jazz club in Saint-Germain-des-Pr\u00e9s, this fragrance pays homage to the creative and cosmopolitan atmosphere of Paris in the 1960s, when Diptyque's founders would gather there to dance, converse and be carried away by the artistic effervescence of the moment.<\/p>\n<p data-start=\"529\" data-end=\"799\">The opening is bright and energetic thanks to green mandarin, which brings a bright and slightly juicy citrus freshness. From the very first moment, the fragrance conveys that electrifying feeling of the early evening, when everything is yet to be discovered.<\/p>\n<p data-start=\"801\" data-end=\"1043\">At the heart are juniper berries, which introduce an aromatic and spicy dimension with slightly green nuances. This accord evokes the elegance of classic cocktails and the sophisticated ambience of a lively Parisian bar.<\/p>\n<p data-start=\"1045\" data-end=\"1297\">The base is built on an elegant and structured cedar wood that brings depth and balance. The result is a fresh, spicy and woody fragrance that evolves naturally on the skin, leaving a refined and modern trail.<\/p>","protected":false},"excerpt":{"rendered":"<p>A fresh, woody fragrance with green mandarin, juniper and cedar inspired by the artistic Paris of the 1960s.<br data-start=\"1610\" data-end=\"1613\" \/><strong data-start=\"1613\" data-end=\"1631\">Size: 100 ml<\/strong><\/p>","protected":false},"featured_media":48584,"comment_status":"open","ping_status":"closed","template":"","meta":{"_acf_changed":false},"product_brand":[],"product_cat":[1481],"product_tag":[],"papapicks":[],"notas-olfativas":[1546,1582,1575],"coleccion":[2982],"tipo":[2156],"familias-olfativas":[1410,1417],"marcas":[1178],"class_list":{"0":"post-48436","1":"product","2":"type-product","3":"status-publish","4":"has-post-thumbnail","6":"product_cat-perfumeria","7":"notas-olfativas-bayas-de-enebro","8":"notas-olfativas-cedro","9":"notas-olfativas-mandarina","10":"coleccion-perfumes-primavera-verano","11":"tipo-eau-de-toilette","12":"familias-olfativas-amaderados","13":"familias-olfativas-citricos","14":"marcas-diptyque","16":"first","17":"instock","18":"taxable","19":"shipping-taxable","20":"purchasable","21":"product-type-simple"},"acf":[],"_links":{"self":[{"href":"https:\/\/papaduk.com\/en\/wp-json\/wp\/v2\/product\/48436","targetHints":{"allow":["GET"]}}],"collection":[{"href":"https:\/\/papaduk.com\/en\/wp-json\/wp\/v2\/product"}],"about":[{"href":"https:\/\/papaduk.com\/en\/wp-json\/wp\/v2\/types\/product"}],"replies":[{"embeddable":true,"href":"https:\/\/papaduk.com\/en\/wp-json\/wp\/v2\/comments?post=48436"}],"wp:featuredmedia":[{"embeddable":true,"href":"https:\/\/papaduk.com\/en\/wp-json\/wp\/v2\/media\/48584"}],"wp:attachment":[{"href":"https:\/\/papaduk.com\/en\/wp-json\/wp\/v2\/media?parent=48436"}],"wp:term":[{"taxonomy":"product_brand","embeddable":true,"href":"https:\/\/papaduk.com\/en\/wp-json\/wp\/v2\/product_brand?post=48436"},{"taxonomy":"product_cat","embeddable":true,"href":"https:\/\/papaduk.com\/en\/wp-json\/wp\/v2\/product_cat?post=48436"},{"taxonomy":"product_tag","embeddable":true,"href":"https:\/\/papaduk.com\/en\/wp-json\/wp\/v2\/product_tag?post=48436"},{"taxonomy":"papapicks","embeddable":true,"href":"https:\/\/papaduk.com\/en\/wp-json\/wp\/v2\/papapicks?post=48436"},{"taxonomy":"notas-olfativas","embeddable":true,"href":"https:\/\/papaduk.com\/en\/wp-json\/wp\/v2\/notas-olfativas?post=48436"},{"taxonomy":"coleccion","embeddable":true,"href":"https:\/\/papaduk.com\/en\/wp-json\/wp\/v2\/coleccion?post=48436"},{"taxonomy":"tipo","embeddable":true,"href":"https:\/\/papaduk.com\/en\/wp-json\/wp\/v2\/tipo?post=48436"},{"taxonomy":"familias-olfativas","embeddable":true,"href":"https:\/\/papaduk.com\/en\/wp-json\/wp\/v2\/familias-olfativas?post=48436"},{"taxonomy":"marcas","embeddable":true,"href":"https:\/\/papaduk.com\/en\/wp-json\/wp\/v2\/marcas?post=48436"}],"curies":[{"name":"wp","href":"https:\/\/api.w.org\/{rel}","templated":true}]}}