{"id":45560,"date":"1970-01-01T00:00:00","date_gmt":"1969-12-31T23:00:00","guid":{"rendered":"https:\/\/papaduk.com\/?post_type=product&#038;p=45560"},"modified":"2026-05-07T00:23:35","modified_gmt":"2026-05-06T22:23:35","slug":"mediterranean-sea-100ml","status":"publish","type":"product","link":"https:\/\/papaduk.com\/en\/producto\/lys-mediterranee-100ml\/","title":{"rendered":"Lys Mediterranee 100Ml"},"content":{"rendered":"<h2>Lys M\u00e9diterran\u00e9e Perfume by Fr\u00e9d\u00e9ric Malle : Lilly with sea breeze<\/h2>\n<p data-start=\"321\" data-end=\"546\"><strong data-start=\"321\" data-end=\"341\">Lys M\u00e9diterran\u00e9e<\/strong> is an olfactory ode to summer by the sea. Created by <strong data-start=\"397\" data-end=\"417\">Edouard Fl\u00e9chier<\/strong> for <strong data-start=\"423\" data-end=\"441\">Fr\u00e9d\u00e9ric Malle<\/strong>, This floral perfume captures the sensuality of white flowers enveloped in sea salt and sunlight.<\/p>\n<p data-start=\"548\" data-end=\"878\">From the very first spraying, the notes of <strong data-start=\"593\" data-end=\"628\">bergamot, melon and green leaves<\/strong> They refresh like a sip of cold water at the edge of the Mediterranean. What follows is pure floral poetry: <strong data-start=\"729\" data-end=\"780\">lily, orange blossom, freesia and ylang-ylang<\/strong> The luminous and silky heart of the fragrance, in which the lily is the absolute protagonist.<\/p>","protected":false},"excerpt":{"rendered":"<p><em data-start=\"1406\" data-end=\"1504\">Lys M\u00e9diterran\u00e9e is a luminous lily with sea salt, musk and a touch of warm vanilla.<\/em><br data-start=\"1504\" data-end=\"1507\" \/><strong data-start=\"1507\" data-end=\"1518\">Size:<\/strong> 100 ml<\/p>","protected":false},"featured_media":46952,"comment_status":"open","ping_status":"closed","template":"","meta":{"_acf_changed":false},"product_brand":[],"product_cat":[1481],"product_tag":[],"papapicks":[],"notas-olfativas":[1489,1812,1667,1645],"coleccion":[],"tipo":[2148],"familias-olfativas":[1420],"marcas":[1214],"class_list":{"0":"post-45560","1":"product","2":"type-product","3":"status-publish","4":"has-post-thumbnail","6":"product_cat-perfumeria","7":"notas-olfativas-agua-de-mar","8":"notas-olfativas-flor-de-azahar","9":"notas-olfativas-flores-blancas","10":"notas-olfativas-jengibre","11":"tipo-eau-de-parfum","12":"familias-olfativas-florales","13":"marcas-frederic-malle","15":"first","16":"outofstock","17":"taxable","18":"shipping-taxable","19":"purchasable","20":"product-type-simple"},"acf":[],"_links":{"self":[{"href":"https:\/\/papaduk.com\/en\/wp-json\/wp\/v2\/product\/45560","targetHints":{"allow":["GET"]}}],"collection":[{"href":"https:\/\/papaduk.com\/en\/wp-json\/wp\/v2\/product"}],"about":[{"href":"https:\/\/papaduk.com\/en\/wp-json\/wp\/v2\/types\/product"}],"replies":[{"embeddable":true,"href":"https:\/\/papaduk.com\/en\/wp-json\/wp\/v2\/comments?post=45560"}],"wp:featuredmedia":[{"embeddable":true,"href":"https:\/\/papaduk.com\/en\/wp-json\/wp\/v2\/media\/46952"}],"wp:attachment":[{"href":"https:\/\/papaduk.com\/en\/wp-json\/wp\/v2\/media?parent=45560"}],"wp:term":[{"taxonomy":"product_brand","embeddable":true,"href":"https:\/\/papaduk.com\/en\/wp-json\/wp\/v2\/product_brand?post=45560"},{"taxonomy":"product_cat","embeddable":true,"href":"https:\/\/papaduk.com\/en\/wp-json\/wp\/v2\/product_cat?post=45560"},{"taxonomy":"product_tag","embeddable":true,"href":"https:\/\/papaduk.com\/en\/wp-json\/wp\/v2\/product_tag?post=45560"},{"taxonomy":"papapicks","embeddable":true,"href":"https:\/\/papaduk.com\/en\/wp-json\/wp\/v2\/papapicks?post=45560"},{"taxonomy":"notas-olfativas","embeddable":true,"href":"https:\/\/papaduk.com\/en\/wp-json\/wp\/v2\/notas-olfativas?post=45560"},{"taxonomy":"coleccion","embeddable":true,"href":"https:\/\/papaduk.com\/en\/wp-json\/wp\/v2\/coleccion?post=45560"},{"taxonomy":"tipo","embeddable":true,"href":"https:\/\/papaduk.com\/en\/wp-json\/wp\/v2\/tipo?post=45560"},{"taxonomy":"familias-olfativas","embeddable":true,"href":"https:\/\/papaduk.com\/en\/wp-json\/wp\/v2\/familias-olfativas?post=45560"},{"taxonomy":"marcas","embeddable":true,"href":"https:\/\/papaduk.com\/en\/wp-json\/wp\/v2\/marcas?post=45560"}],"curies":[{"name":"wp","href":"https:\/\/api.w.org\/{rel}","templated":true}]}}