{"id":41375,"date":"2025-01-27T15:46:41","date_gmt":"2025-01-27T14:46:41","guid":{"rendered":"https:\/\/papaduk.com\/?post_type=product&#038;p=41375"},"modified":"2026-05-17T00:09:19","modified_gmt":"2026-05-16T22:09:19","slug":"aqua-universalis-cologne-forte-eau-de-parfum","status":"publish","type":"product","link":"https:\/\/papaduk.com\/en\/producto\/aqua-universalis-cologne-forte-eau-de-parfum\/","title":{"rendered":"Aqua Universalis Cologne Forte - Eau De Parfum"},"content":{"rendered":"<h2>Perfume AQUA UNIVERSALIS COLOGNE FORTE by Maison Francis Kurkdjian | Clean Air in a Bottle<\/h2>\n<p data-start=\"322\" data-end=\"673\"><strong data-start=\"322\" data-end=\"356\">Aqua Universalis Cologne Forte<\/strong> is a fragrance that does not mimic the scent of soap: it mimics the <strong data-start=\"415\" data-end=\"428\">sensation<\/strong> of being fresh from a luminous shower, wrapped in white sheets in the sun. Francis Kurkdjian takes his obsession with cleanliness to a new level here, through a precise balance of bergamot, white flowers and soft musks.<\/p>\n<p data-start=\"675\" data-end=\"1088\">On its way out, the oil <strong data-start=\"702\" data-end=\"727\">Calabrian bergamot<\/strong> It brings a citrus sparkle, pure and effervescent. Accompanied by a very clean touch of pink, this opening dissolves in a transparent heart, where the <strong data-start=\"882\" data-end=\"902\">sweet pea<\/strong> and the <strong data-start=\"908\" data-end=\"926\">orange jasmine<\/strong> evoke a white garden bathed in light. Everything rests on a base of <strong data-start=\"995\" data-end=\"1014\">white musk<\/strong>, It is round and enveloping, creating a trail that is as ethereal as it is persistent.<\/p>","protected":false},"excerpt":{"rendered":"<p>Perfume AQUA UNIVERSALIS COLOGNE FORTE de Maison Francis Kurkdjian | Aire limpio en frasco Aqua Universalis Cologne Forte es una fragancia que no imita el olor del jab\u00f3n: imita la sensaci\u00f3n de estar reci\u00e9n salido de una ducha luminosa, envuelto en s\u00e1banas blancas al sol. Francis Kurkdjian lleva aqu\u00ed su obsesi\u00f3n por la limpieza a [&hellip;]<\/p>\n","protected":false},"featured_media":48349,"comment_status":"open","ping_status":"closed","template":"","meta":{"_acf_changed":false},"product_brand":[],"product_cat":[1481],"product_tag":[],"papapicks":[],"notas-olfativas":[],"coleccion":[2982],"tipo":[2148],"familias-olfativas":[],"marcas":[1188],"class_list":{"0":"post-41375","1":"product","2":"type-product","3":"status-publish","4":"has-post-thumbnail","6":"product_cat-perfumeria","7":"coleccion-perfumes-primavera-verano","8":"tipo-eau-de-parfum","9":"marcas-maison-francis-kurkdjian","11":"first","12":"instock","13":"taxable","14":"shipping-taxable","15":"purchasable","16":"product-type-variable"},"acf":[],"_links":{"self":[{"href":"https:\/\/papaduk.com\/en\/wp-json\/wp\/v2\/product\/41375","targetHints":{"allow":["GET"]}}],"collection":[{"href":"https:\/\/papaduk.com\/en\/wp-json\/wp\/v2\/product"}],"about":[{"href":"https:\/\/papaduk.com\/en\/wp-json\/wp\/v2\/types\/product"}],"replies":[{"embeddable":true,"href":"https:\/\/papaduk.com\/en\/wp-json\/wp\/v2\/comments?post=41375"}],"wp:featuredmedia":[{"embeddable":true,"href":"https:\/\/papaduk.com\/en\/wp-json\/wp\/v2\/media\/48349"}],"wp:attachment":[{"href":"https:\/\/papaduk.com\/en\/wp-json\/wp\/v2\/media?parent=41375"}],"wp:term":[{"taxonomy":"product_brand","embeddable":true,"href":"https:\/\/papaduk.com\/en\/wp-json\/wp\/v2\/product_brand?post=41375"},{"taxonomy":"product_cat","embeddable":true,"href":"https:\/\/papaduk.com\/en\/wp-json\/wp\/v2\/product_cat?post=41375"},{"taxonomy":"product_tag","embeddable":true,"href":"https:\/\/papaduk.com\/en\/wp-json\/wp\/v2\/product_tag?post=41375"},{"taxonomy":"papapicks","embeddable":true,"href":"https:\/\/papaduk.com\/en\/wp-json\/wp\/v2\/papapicks?post=41375"},{"taxonomy":"notas-olfativas","embeddable":true,"href":"https:\/\/papaduk.com\/en\/wp-json\/wp\/v2\/notas-olfativas?post=41375"},{"taxonomy":"coleccion","embeddable":true,"href":"https:\/\/papaduk.com\/en\/wp-json\/wp\/v2\/coleccion?post=41375"},{"taxonomy":"tipo","embeddable":true,"href":"https:\/\/papaduk.com\/en\/wp-json\/wp\/v2\/tipo?post=41375"},{"taxonomy":"familias-olfativas","embeddable":true,"href":"https:\/\/papaduk.com\/en\/wp-json\/wp\/v2\/familias-olfativas?post=41375"},{"taxonomy":"marcas","embeddable":true,"href":"https:\/\/papaduk.com\/en\/wp-json\/wp\/v2\/marcas?post=41375"}],"curies":[{"name":"wp","href":"https:\/\/api.w.org\/{rel}","templated":true}]}}