{"id":33200,"date":"2024-06-11T01:53:45","date_gmt":"2024-06-10T23:53:45","guid":{"rendered":"https:\/\/papaduk.com\/?post_type=product&#038;p=33200"},"modified":"2026-05-11T00:25:50","modified_gmt":"2026-05-10T22:25:50","slug":"indelible-cologne-body-wash-200ml","status":"publish","type":"product","link":"https:\/\/papaduk.com\/en\/producto\/cologne-indelebile-body-wash-200ml\/","title":{"rendered":"Cologne Indelebile Body Wash 200Ml"},"content":{"rendered":"<div class=\"flex-shrink-0 flex flex-col relative items-end\">\n<div>\n<div class=\"pt-0.5 juice:pt-0\">\n<h2 class=\"gizmo-bot-avatar flex h-6 w-6 items-center justify-center overflow-hidden rounded-full juice:h-8 juice:w-8\">Cologne indelebile: Frescura y Elegancia en Cada Ducha<\/h2>\n<\/div>\n<\/div>\n<\/div>\n<div class=\"group\/conversation-turn relative flex w-full min-w-0 flex-col agent-turn\">\n<div class=\"flex-col gap-1 md:gap-3\">\n<div class=\"flex flex-grow flex-col max-w-full AIPRM__conversation__response\">\n<div class=\"min-h-[20px] text-message flex flex-col items-start whitespace-pre-wrap break-words [.text-message+&amp;]:mt-5 juice:w-full juice:items-end overflow-x-auto gap-2\" dir=\"auto\" data-message-author-role=\"assistant\" data-message-id=\"f07c87e1-02d2-401c-a176-181a45d0f799\">\n<div class=\"flex w-full flex-col gap-1 juice:empty:hidden juice:first:pt-[3px]\">\n<div class=\"markdown prose w-full break-words dark:prose-invert dark\">\n<p>El gel de ba\u00f1o Cologne Ind\u00e9l\u00e9bile de Fr\u00e9d\u00e9ric Malle es la encarnaci\u00f3n de la frescura y la elegancia. Este gel, inspirado en la ic\u00f3nica fragancia Cologne Ind\u00e9l\u00e9bile, transforma tu rutina diaria en una experiencia de lujo. Con notas de bergamota, neroli y almizcle, cada ducha se convierte en un ritual revitalizante que deja tu piel delicadamente perfumada y llena de vida.<\/p>\n<p>Formulado con ingredientes de alta calidad, el Cologne Ind\u00e9l\u00e9bile Body Wash ofrece una limpieza profunda sin comprometer la hidrataci\u00f3n natural de la piel. Su f\u00f3rmula rica en extractos bot\u00e1nicos y agentes hidratantes asegura que tu piel se mantenga suave, flexible y nutrida. Ideal para todo tipo de piel, este gel de ba\u00f1o es perfecto para quienes buscan un cuidado corporal superior.<\/p>\n<h3>Fragancia Duradera y Sofisticada<\/h3>\n<p>Este gel limpiador no solo limpia y cuida tu piel, sino que tambi\u00e9n la envuelve en una fragancia duradera y sofisticada. La esencia de Cologne Ind\u00e9l\u00e9bile se mantiene en tu piel durante horas, proporcion\u00e1ndote una sensaci\u00f3n de frescura y elegancia que perdura a lo largo del d\u00eda. Es la elecci\u00f3n perfecta para aquellos que desean comenzar su d\u00eda con energ\u00eda y estilo.<\/p>\n<\/div>\n<\/div>\n<\/div>\n<\/div>\n<\/div>\n<\/div>\n<div id=\"gtx-trans\" style=\"position: absolute;left: -126px;top: -16px\">\n<div class=\"gtx-trans-icon\"><\/div>\n<\/div>\n","protected":false},"excerpt":{"rendered":"<p>Cologne Ind\u00e9l\u00e9bile bath gel, with notes of bergamot and musk, offers freshness, elegance and superior care for your skin.<\/p>\n<div id=\"gtx-trans\" style=\"position: absolute;left: 221px;top: -10px\">\n<div class=\"gtx-trans-icon\"><\/div>\n<\/div>","protected":false},"featured_media":33651,"comment_status":"open","ping_status":"closed","template":"","meta":{"_acf_changed":false},"product_brand":[],"product_cat":[1466,1467],"product_tag":[],"papapicks":[],"notas-olfativas":[],"coleccion":[],"tipo":[2139],"familias-olfativas":[],"marcas":[1214],"class_list":{"0":"post-33200","1":"product","2":"type-product","3":"status-publish","4":"has-post-thumbnail","6":"product_cat-cosmetica","7":"product_cat-cuerpo-y-manos","8":"tipo-limpiadores-corporales","9":"marcas-frederic-malle","11":"first","12":"instock","13":"taxable","14":"shipping-taxable","15":"purchasable","16":"product-type-simple"},"acf":[],"_links":{"self":[{"href":"https:\/\/papaduk.com\/en\/wp-json\/wp\/v2\/product\/33200","targetHints":{"allow":["GET"]}}],"collection":[{"href":"https:\/\/papaduk.com\/en\/wp-json\/wp\/v2\/product"}],"about":[{"href":"https:\/\/papaduk.com\/en\/wp-json\/wp\/v2\/types\/product"}],"replies":[{"embeddable":true,"href":"https:\/\/papaduk.com\/en\/wp-json\/wp\/v2\/comments?post=33200"}],"wp:featuredmedia":[{"embeddable":true,"href":"https:\/\/papaduk.com\/en\/wp-json\/wp\/v2\/media\/33651"}],"wp:attachment":[{"href":"https:\/\/papaduk.com\/en\/wp-json\/wp\/v2\/media?parent=33200"}],"wp:term":[{"taxonomy":"product_brand","embeddable":true,"href":"https:\/\/papaduk.com\/en\/wp-json\/wp\/v2\/product_brand?post=33200"},{"taxonomy":"product_cat","embeddable":true,"href":"https:\/\/papaduk.com\/en\/wp-json\/wp\/v2\/product_cat?post=33200"},{"taxonomy":"product_tag","embeddable":true,"href":"https:\/\/papaduk.com\/en\/wp-json\/wp\/v2\/product_tag?post=33200"},{"taxonomy":"papapicks","embeddable":true,"href":"https:\/\/papaduk.com\/en\/wp-json\/wp\/v2\/papapicks?post=33200"},{"taxonomy":"notas-olfativas","embeddable":true,"href":"https:\/\/papaduk.com\/en\/wp-json\/wp\/v2\/notas-olfativas?post=33200"},{"taxonomy":"coleccion","embeddable":true,"href":"https:\/\/papaduk.com\/en\/wp-json\/wp\/v2\/coleccion?post=33200"},{"taxonomy":"tipo","embeddable":true,"href":"https:\/\/papaduk.com\/en\/wp-json\/wp\/v2\/tipo?post=33200"},{"taxonomy":"familias-olfativas","embeddable":true,"href":"https:\/\/papaduk.com\/en\/wp-json\/wp\/v2\/familias-olfativas?post=33200"},{"taxonomy":"marcas","embeddable":true,"href":"https:\/\/papaduk.com\/en\/wp-json\/wp\/v2\/marcas?post=33200"}],"curies":[{"name":"wp","href":"https:\/\/api.w.org\/{rel}","templated":true}]}}