{"id":31854,"date":"2024-04-24T18:29:09","date_gmt":"2024-04-24T16:29:09","guid":{"rendered":"https:\/\/papaduk.com\/?post_type=product&#038;p=31854"},"modified":"2026-05-07T00:20:30","modified_gmt":"2026-05-06T22:20:30","slug":"imperial-tea-50ml","status":"publish","type":"product","link":"https:\/\/papaduk.com\/en\/producto\/imperial-tea-50ml\/","title":{"rendered":"Imperial Tea 50Ml"},"content":{"rendered":"<p>Imperial Tea is a fresh and modern homage to Jasmine Tea, infused, served and tasted according to the noblest Chinese traditions. For Kilian Hennessy, travelling always brings surprises, new encounters and new loves. This time, the sea breeze took him to a new land where the rich tea culture has endured for centuries. He witnessed the making of Jasmine Tea, with white flowers hand-picked and placed over fermenting tea to infuse its oils. Watched the Jasmine Tea ceremony with floating flowers and tasted it in a moment of timeless elegance, wishing it would never end. One sip, and all the senses expand into jasmine flowers out of space and time.<\/p>\n<h2>What does Imperial Tea perfume smell like?<\/h2>\n<p>This pure, linear fragrance is centred on a Green Tea accord infused with Jasmine Sambac. A revitalising opening of Bergamot and Laminaria Seaweed, a rare ingredient in perfumery that offers a mineral and aerial balance, captures the mist of the ocean air, while the fragrance lingers with rooted notes of Vetiver and Musk.<\/p>\n<div id=\"gtx-trans\" style=\"position: absolute;left: 1119px;top: 267.812px\">\n<div class=\"gtx-trans-icon\"><\/div>\n<\/div>","protected":false},"excerpt":{"rendered":"<div class=\"flex flex-grow flex-col max-w-full AIPRM__conversation__response\">\n<div class=\"min-h-[20px] text-message flex flex-col items-start whitespace-pre-wrap break-words [.text-message+&amp;]:mt-5 juice:w-full juice:items-end overflow-x-auto gap-2\" dir=\"auto\" data-message-author-role=\"assistant\" data-message-id=\"d97528b3-4ff1-4d81-ad53-62ef6c4f151d\">\n<div class=\"flex w-full flex-col gap-1 juice:empty:hidden juice:first:pt-[3px]\">\n<div class=\"markdown prose w-full break-words dark:prose-invert dark\">\n<p>Imperial Tea es una fragancia fresca inspirada en el T\u00e9 de Jazm\u00edn. Con notas de alga laminaria, t\u00e9 verde y absoluto de jazm\u00edn sambac, esta fragancia captura la esencia del aire oce\u00e1nico y la elegancia atemporal de las tradiciones chinas.<\/p>\n<\/div>\n<\/div>\n<\/div>\n<\/div>\n<p><strong>Tama\u00f1o<\/strong>: 50ml<\/p>\n","protected":false},"featured_media":32468,"comment_status":"open","ping_status":"closed","template":"","meta":{"_acf_changed":false},"product_brand":[],"product_cat":[1481],"product_tag":[],"papapicks":[],"notas-olfativas":[1563,1699],"coleccion":[],"tipo":[2148],"familias-olfativas":[1422,1428],"marcas":[1215],"class_list":{"0":"post-31854","1":"product","2":"type-product","3":"status-publish","4":"has-post-thumbnail","6":"product_cat-perfumeria","7":"notas-olfativas-jazmin","8":"notas-olfativas-te","9":"tipo-eau-de-parfum","10":"familias-olfativas-frescos","11":"familias-olfativas-verdes","12":"marcas-kilian-paris","14":"first","15":"instock","16":"taxable","17":"shipping-taxable","18":"purchasable","19":"product-type-simple"},"acf":[],"_links":{"self":[{"href":"https:\/\/papaduk.com\/en\/wp-json\/wp\/v2\/product\/31854","targetHints":{"allow":["GET"]}}],"collection":[{"href":"https:\/\/papaduk.com\/en\/wp-json\/wp\/v2\/product"}],"about":[{"href":"https:\/\/papaduk.com\/en\/wp-json\/wp\/v2\/types\/product"}],"replies":[{"embeddable":true,"href":"https:\/\/papaduk.com\/en\/wp-json\/wp\/v2\/comments?post=31854"}],"wp:featuredmedia":[{"embeddable":true,"href":"https:\/\/papaduk.com\/en\/wp-json\/wp\/v2\/media\/32468"}],"wp:attachment":[{"href":"https:\/\/papaduk.com\/en\/wp-json\/wp\/v2\/media?parent=31854"}],"wp:term":[{"taxonomy":"product_brand","embeddable":true,"href":"https:\/\/papaduk.com\/en\/wp-json\/wp\/v2\/product_brand?post=31854"},{"taxonomy":"product_cat","embeddable":true,"href":"https:\/\/papaduk.com\/en\/wp-json\/wp\/v2\/product_cat?post=31854"},{"taxonomy":"product_tag","embeddable":true,"href":"https:\/\/papaduk.com\/en\/wp-json\/wp\/v2\/product_tag?post=31854"},{"taxonomy":"papapicks","embeddable":true,"href":"https:\/\/papaduk.com\/en\/wp-json\/wp\/v2\/papapicks?post=31854"},{"taxonomy":"notas-olfativas","embeddable":true,"href":"https:\/\/papaduk.com\/en\/wp-json\/wp\/v2\/notas-olfativas?post=31854"},{"taxonomy":"coleccion","embeddable":true,"href":"https:\/\/papaduk.com\/en\/wp-json\/wp\/v2\/coleccion?post=31854"},{"taxonomy":"tipo","embeddable":true,"href":"https:\/\/papaduk.com\/en\/wp-json\/wp\/v2\/tipo?post=31854"},{"taxonomy":"familias-olfativas","embeddable":true,"href":"https:\/\/papaduk.com\/en\/wp-json\/wp\/v2\/familias-olfativas?post=31854"},{"taxonomy":"marcas","embeddable":true,"href":"https:\/\/papaduk.com\/en\/wp-json\/wp\/v2\/marcas?post=31854"}],"curies":[{"name":"wp","href":"https:\/\/api.w.org\/{rel}","templated":true}]}}