{"id":28570,"date":"2024-03-15T13:34:38","date_gmt":"2024-03-15T12:34:38","guid":{"rendered":"https:\/\/papaduk.com\/?post_type=product&#038;p=28570"},"modified":"2026-02-06T19:00:15","modified_gmt":"2026-02-06T18:00:15","slug":"gift-card","status":"publish","type":"product","link":"https:\/\/papaduk.com\/en\/producto\/tarjeta-regalo\/","title":{"rendered":"Gift Card"},"content":{"rendered":"<p class=\"\" data-start=\"261\" data-end=\"469\">With our gift card, you're always on the right track. The recipient can redeem it in our online shop for their favourite perfumes, candles or cosmetics. You choose the amount, and we'll take care of the rest.<\/p>\n<p class=\"\" data-start=\"471\" data-end=\"709\">Once you complete your purchase, you will receive an email with the card and all the instructions to redeem it. You can resend it yourself or indicate the email address of the person to whom it is addressed and we will send it directly to them. No hassle.<\/p>","protected":false},"excerpt":{"rendered":"<p>Con nuestra tarjeta regalo aciertas siempre. Quien la reciba podr\u00e1 canjearla en nuestra tienda online por sus perfumes, velas o cosm\u00e9ticos favoritos. T\u00fa eliges el importe, y nosotros nos encargamos del resto. Una vez completes tu compra, recibir\u00e1s un email con la tarjeta y todas las indicaciones para canjearla. Puedes reenviarla t\u00fa mismo o indicar [&hellip;]<\/p>\n","protected":false},"featured_media":1843,"comment_status":"open","ping_status":"closed","template":"","meta":{"_acf_changed":false},"product_brand":[],"product_cat":[1481],"product_tag":[1677],"papapicks":[],"notas-olfativas":[],"coleccion":[],"tipo":[],"familias-olfativas":[],"marcas":[1194],"class_list":{"0":"post-28570","1":"product","2":"type-product","3":"status-publish","4":"has-post-thumbnail","6":"product_cat-perfumeria","7":"product_tag-acierto-seguro","8":"marcas-papaduk","10":"first","11":"instock","12":"taxable","13":"shipping-taxable","14":"purchasable","15":"product-type-variable"},"acf":[],"_links":{"self":[{"href":"https:\/\/papaduk.com\/en\/wp-json\/wp\/v2\/product\/28570","targetHints":{"allow":["GET"]}}],"collection":[{"href":"https:\/\/papaduk.com\/en\/wp-json\/wp\/v2\/product"}],"about":[{"href":"https:\/\/papaduk.com\/en\/wp-json\/wp\/v2\/types\/product"}],"replies":[{"embeddable":true,"href":"https:\/\/papaduk.com\/en\/wp-json\/wp\/v2\/comments?post=28570"}],"wp:featuredmedia":[{"embeddable":true,"href":"https:\/\/papaduk.com\/en\/wp-json\/wp\/v2\/media\/1843"}],"wp:attachment":[{"href":"https:\/\/papaduk.com\/en\/wp-json\/wp\/v2\/media?parent=28570"}],"wp:term":[{"taxonomy":"product_brand","embeddable":true,"href":"https:\/\/papaduk.com\/en\/wp-json\/wp\/v2\/product_brand?post=28570"},{"taxonomy":"product_cat","embeddable":true,"href":"https:\/\/papaduk.com\/en\/wp-json\/wp\/v2\/product_cat?post=28570"},{"taxonomy":"product_tag","embeddable":true,"href":"https:\/\/papaduk.com\/en\/wp-json\/wp\/v2\/product_tag?post=28570"},{"taxonomy":"papapicks","embeddable":true,"href":"https:\/\/papaduk.com\/en\/wp-json\/wp\/v2\/papapicks?post=28570"},{"taxonomy":"notas-olfativas","embeddable":true,"href":"https:\/\/papaduk.com\/en\/wp-json\/wp\/v2\/notas-olfativas?post=28570"},{"taxonomy":"coleccion","embeddable":true,"href":"https:\/\/papaduk.com\/en\/wp-json\/wp\/v2\/coleccion?post=28570"},{"taxonomy":"tipo","embeddable":true,"href":"https:\/\/papaduk.com\/en\/wp-json\/wp\/v2\/tipo?post=28570"},{"taxonomy":"familias-olfativas","embeddable":true,"href":"https:\/\/papaduk.com\/en\/wp-json\/wp\/v2\/familias-olfativas?post=28570"},{"taxonomy":"marcas","embeddable":true,"href":"https:\/\/papaduk.com\/en\/wp-json\/wp\/v2\/marcas?post=28570"}],"curies":[{"name":"wp","href":"https:\/\/api.w.org\/{rel}","templated":true}]}}