{"id":26379,"date":"2024-03-12T13:52:30","date_gmt":"2024-03-12T12:52:30","guid":{"rendered":"https:\/\/papaduk.com\/producto\/tony-iommi-monkey-special\/"},"modified":"2026-05-06T00:14:19","modified_gmt":"2026-05-05T22:14:19","slug":"tony-iommi-monkey-special","status":"publish","type":"product","link":"https:\/\/papaduk.com\/en\/producto\/tony-iommi-monkey-special\/","title":{"rendered":"Tony Iommi Monkey Special - 50Ml"},"content":{"rendered":"<div class=\"group w-full text-token-text-primary border-b border-black\/10 dark:border-gray-900\/50 bg-gray-50 dark:bg-[#444654]\" data-testid=\"conversation-turn-3\">\n<div class=\"p-4 justify-center text-base md:gap-6 md:py-6 m-auto\">\n<div class=\"flex flex-1 gap-4 text-base mx-auto md:gap-6 md:max-w-2xl lg:max-w-[38rem] xl:max-w-3xl }\">\n<div class=\"relative flex w-[calc(100%-50px)] flex-col gap-1 md:gap-3 lg:w-[calc(100%-115px)]\">\n<div class=\"flex flex-grow flex-col gap-3 max-w-full\">\n<div class=\"min-h-[20px] flex flex-col items-start gap-3 overflow-x-auto whitespace-pre-wrap break-words\">\n<div class=\"markdown prose w-full break-words dark:prose-invert light\">\n<h2>Tony Iommi Monkey Special de Xerjoff Blends: Uni\u00f3n de Rock y Fragancia<\/h2>\n<\/div>\n<\/div>\n<\/div>\n<\/div>\n<\/div>\n<\/div>\n<\/div>\n<p>En la edici\u00f3n Rock de Xerjoff Blends, Tony Iommi, el legendario guitarrista de Black Sabbath, se une a Sergio Momo para presentar una conjunci\u00f3n perfecta entre m\u00fasica y fragancia. Inspirada en la esencia del rock &#8216;n&#8217; roll de finales de los 60 que marc\u00f3 a Iommi, Tony Iommi Monkey Special captura la esencia arom\u00e1tica de aquella \u00e9poca.<\/p>\n<h3>Las notas olfativas de Tony Iommy de Xerjoff<\/h3>\n<p><strong>Salida<br \/>\n<\/strong>Ron, Maracuy\u00e1, Geranio, Bergamota<\/p>\n<p><strong>Coraz\u00f3n:<\/strong><br \/>\nCuero, Pachul\u00ed de Singapur, Rosa de Bulgaria, Canela<\/p>\n<p><strong>Fondo:<\/strong><br \/>\nCaramelo, Almizcle, L\u00e1dano, \u00c1mbar gris, S\u00e1ndalo, Vainilla, Haba tonka.<\/p>\n<hr \/>\n<p><strong>\u00bfQui\u00e9n es Tony Iommi?<\/strong><br \/>\nAnthony Frank, ampliamente reconocido como Tony Iommi, es un renombrado compositor y m\u00fasico brit\u00e1nico. Apodado el \u00abDios del riff\u00bb en el mundo del heavy metal contempor\u00e1neo, se destaca por ser uno de los pilares fundacionales de la legendaria banda Black Sabbath. Un detalle distintivo es que fue el \u00fanico integrante original presente en cada producci\u00f3n discogr\u00e1fica del grupo.<\/p>\n<p><strong>\u00bfC\u00f3mo se relaciona la m\u00fasica con esta fragancia?<\/strong><br \/>\nLa relaci\u00f3n entre la m\u00fasica\u00a0y esta fragancia es una conexi\u00f3n profunda entre los riffs monol\u00edticos del guitarrista y la experiencia olfativa. Ambos representan una \u00e9poca, una actitud y una esencia, uniendo el rock &#8216;n&#8217; roll de los 60 con una experiencia sensorial moderna.<\/p>\n<p><strong>\u00bfEs adecuada para ambos g\u00e9neros?<br \/>\n<\/strong>S\u00ed, Tony Iommi Monkey Special es una fragancia unisex, dise\u00f1ada para ser adecuada y apreciada tanto por hombres como por mujeres.<strong><br \/>\n<\/strong><\/p>\n<p><strong>\u00bfPara que \u00e9poca es mejor llevar esta fragancia?<\/strong><br \/>\nEs ideal para estaciones m\u00e1s fr\u00edas. Sus notas ricas y profundas ron, canela y s\u00e1ndalo, se realzan y desarrollan maravillosamente en climas m\u00e1s frescos.<\/p>\n<p><strong>\u00bfCu\u00e1l es la estela de este perfume?<br \/>\n<\/strong>Tiene un sillage notable, dejando una estela distintiva a su paso. Esto refleja su composici\u00f3n rica y la alta calidad de sus ingredientes, haciendo que quien lo use se destaque.<\/p>\n<h2>Monkey Special y el universo Xerjoff Blends<\/h2>\n<p>La l\u00ednea Xerjoff Blends naci\u00f3 con la vocaci\u00f3n de cruzar el mundo de la alta perfumer\u00eda con otros lenguajes creativos. En ese contexto, el Monkey Special \u2014apodo vinculado a la legendaria guitarra SG Custom de Iommi\u2014 da nombre a un perfume que recoge la est\u00e9tica oscura y envolvente del heavy metal de los a\u00f1os 70. Si ya conoces otras referencias de Xerjoff y quieres explorar su faceta m\u00e1s rockera e intensa, Tony Iommi Monkey Special es la elecci\u00f3n natural.<\/p>\n","protected":false},"excerpt":{"rendered":"<p>Feel the rock on your skin with Tony Iommi by Xerjoff, the scent that fuses electric guitars and notes of rum, cinnamon and sandalwood.<\/p>","protected":false},"featured_media":40737,"comment_status":"closed","ping_status":"closed","template":"","meta":{"_acf_changed":false},"product_brand":[],"product_cat":[1481],"product_tag":[],"papapicks":[],"notas-olfativas":[1499,1516,1491,1517,1500,1527,1589,1518,1838,1495,1508,1555,1509,1567,1504],"coleccion":[],"tipo":[2148],"familias-olfativas":[1410,1418,1419],"marcas":[1199],"class_list":{"0":"post-26379","1":"product","2":"type-product","3":"status-publish","4":"has-post-thumbnail","6":"product_cat-perfumeria","7":"notas-olfativas-almizcle","8":"notas-olfativas-ambar-gris","9":"notas-olfativas-bergamota","10":"notas-olfativas-canela","11":"notas-olfativas-caramelo","12":"notas-olfativas-cuero","13":"notas-olfativas-geranio","14":"notas-olfativas-labdanum","15":"notas-olfativas-maracuya","16":"notas-olfativas-pachuli","17":"notas-olfativas-ron","18":"notas-olfativas-rosa-de-bulgaria","19":"notas-olfativas-sandalo","20":"notas-olfativas-tonka","21":"notas-olfativas-vainilla","22":"tipo-eau-de-parfum","23":"familias-olfativas-amaderados","24":"familias-olfativas-dulces","25":"familias-olfativas-especiados","26":"marcas-xerjoff","28":"first","29":"instock","30":"taxable","31":"shipping-taxable","32":"purchasable","33":"product-type-simple"},"acf":[],"_links":{"self":[{"href":"https:\/\/papaduk.com\/en\/wp-json\/wp\/v2\/product\/26379","targetHints":{"allow":["GET"]}}],"collection":[{"href":"https:\/\/papaduk.com\/en\/wp-json\/wp\/v2\/product"}],"about":[{"href":"https:\/\/papaduk.com\/en\/wp-json\/wp\/v2\/types\/product"}],"replies":[{"embeddable":true,"href":"https:\/\/papaduk.com\/en\/wp-json\/wp\/v2\/comments?post=26379"}],"wp:featuredmedia":[{"embeddable":true,"href":"https:\/\/papaduk.com\/en\/wp-json\/wp\/v2\/media\/40737"}],"wp:attachment":[{"href":"https:\/\/papaduk.com\/en\/wp-json\/wp\/v2\/media?parent=26379"}],"wp:term":[{"taxonomy":"product_brand","embeddable":true,"href":"https:\/\/papaduk.com\/en\/wp-json\/wp\/v2\/product_brand?post=26379"},{"taxonomy":"product_cat","embeddable":true,"href":"https:\/\/papaduk.com\/en\/wp-json\/wp\/v2\/product_cat?post=26379"},{"taxonomy":"product_tag","embeddable":true,"href":"https:\/\/papaduk.com\/en\/wp-json\/wp\/v2\/product_tag?post=26379"},{"taxonomy":"papapicks","embeddable":true,"href":"https:\/\/papaduk.com\/en\/wp-json\/wp\/v2\/papapicks?post=26379"},{"taxonomy":"notas-olfativas","embeddable":true,"href":"https:\/\/papaduk.com\/en\/wp-json\/wp\/v2\/notas-olfativas?post=26379"},{"taxonomy":"coleccion","embeddable":true,"href":"https:\/\/papaduk.com\/en\/wp-json\/wp\/v2\/coleccion?post=26379"},{"taxonomy":"tipo","embeddable":true,"href":"https:\/\/papaduk.com\/en\/wp-json\/wp\/v2\/tipo?post=26379"},{"taxonomy":"familias-olfativas","embeddable":true,"href":"https:\/\/papaduk.com\/en\/wp-json\/wp\/v2\/familias-olfativas?post=26379"},{"taxonomy":"marcas","embeddable":true,"href":"https:\/\/papaduk.com\/en\/wp-json\/wp\/v2\/marcas?post=26379"}],"curies":[{"name":"wp","href":"https:\/\/api.w.org\/{rel}","templated":true}]}}