{"id":26316,"date":"2024-03-12T13:51:53","date_gmt":"2024-03-12T12:51:53","guid":{"rendered":"https:\/\/papaduk.com\/producto\/black-phantom-50ml\/"},"modified":"2026-05-07T00:19:38","modified_gmt":"2026-05-06T22:19:38","slug":"black-phantom-50ml","status":"publish","type":"product","link":"https:\/\/papaduk.com\/en\/producto\/black-phantom-50ml\/","title":{"rendered":"Black Phantom 50Ml"},"content":{"rendered":"<h2 data-start=\"0\" data-end=\"428\">Comprar Black Phantom Online<\/h2>\n<p data-start=\"0\" data-end=\"428\">Fragancia intrigante y envolvente que desaf\u00eda los sentidos con su mezcla audaz de notas amaderadas y dulces. Su base de s\u00e1ndalo y pachul\u00ed se entrelaza con la calidez del \u00e1mbar y un toque de cacao, creando un contraste fascinante entre lo oscuro y lo dulce. Esta fragancia est\u00e1 dise\u00f1ada para quienes buscan algo \u00fanico, una esencia que deja una marca memorable dondequiera que vayas.<\/p>\n<p data-start=\"430\" data-end=\"780\">Ideal para la noche o cualquier ocasi\u00f3n especial, Black Phantom se distingue por su capacidad de seducir y dejar una impresi\u00f3n duradera. Su aroma sofisticado es perfecto para aquellos que disfrutan de perfumes intensos, pero con un toque de elegancia y misterio. Con solo unas gotas, este perfume se convierte en una declaraci\u00f3n de estilo y car\u00e1cter.<\/p>\n<h2 class=\"font-claude-response-body break-words whitespace-normal leading-[1.7]\">Black Phantom by Kilian \u2014 Una Fragancia de Nicho con Car\u00e1cter Propio<\/h2>\n<p class=\"font-claude-response-body break-words whitespace-normal leading-[1.7]\">Black Phantom de Kilian Paris es uno de los perfumes orientales m\u00e1s reconocibles de la maison francesa. Oscuro, dulce y magn\u00e9tico, est\u00e1 formulado para dejar huella con cada uso. Una elecci\u00f3n para quienes no pasan desapercibidos.<\/p>\n<p class=\"font-claude-response-body break-words whitespace-normal leading-[1.7]\">\n","protected":false},"excerpt":{"rendered":"<p>Comprar Black Phantom Online Fragancia intrigante y envolvente que desaf\u00eda los sentidos con su mezcla audaz de notas amaderadas y dulces. Su base de s\u00e1ndalo y pachul\u00ed se entrelaza con la calidez del \u00e1mbar y un toque de cacao, creando un contraste fascinante entre lo oscuro y lo dulce. Esta fragancia est\u00e1 dise\u00f1ada para quienes [&hellip;]<\/p>\n","protected":false},"featured_media":40723,"comment_status":"closed","ping_status":"closed","template":"","meta":{"_acf_changed":false},"product_brand":[],"product_cat":[1481],"product_tag":[],"papapicks":[],"notas-olfativas":[1540,1505,1662,1500,1663,1835,1508,1509],"coleccion":[],"tipo":[2148],"familias-olfativas":[1418,1419],"marcas":[1215],"class_list":{"0":"post-26316","1":"product","2":"type-product","3":"status-publish","4":"has-post-thumbnail","6":"product_cat-perfumeria","7":"notas-olfativas-almendra","8":"notas-olfativas-azucar","9":"notas-olfativas-cafe","10":"notas-olfativas-caramelo","11":"notas-olfativas-chocolate","12":"notas-olfativas-heliotropo","13":"notas-olfativas-ron","14":"notas-olfativas-sandalo","15":"tipo-eau-de-parfum","16":"familias-olfativas-dulces","17":"familias-olfativas-especiados","18":"marcas-kilian-paris","20":"first","21":"instock","22":"taxable","23":"shipping-taxable","24":"purchasable","25":"product-type-simple"},"acf":[],"_links":{"self":[{"href":"https:\/\/papaduk.com\/en\/wp-json\/wp\/v2\/product\/26316","targetHints":{"allow":["GET"]}}],"collection":[{"href":"https:\/\/papaduk.com\/en\/wp-json\/wp\/v2\/product"}],"about":[{"href":"https:\/\/papaduk.com\/en\/wp-json\/wp\/v2\/types\/product"}],"replies":[{"embeddable":true,"href":"https:\/\/papaduk.com\/en\/wp-json\/wp\/v2\/comments?post=26316"}],"wp:featuredmedia":[{"embeddable":true,"href":"https:\/\/papaduk.com\/en\/wp-json\/wp\/v2\/media\/40723"}],"wp:attachment":[{"href":"https:\/\/papaduk.com\/en\/wp-json\/wp\/v2\/media?parent=26316"}],"wp:term":[{"taxonomy":"product_brand","embeddable":true,"href":"https:\/\/papaduk.com\/en\/wp-json\/wp\/v2\/product_brand?post=26316"},{"taxonomy":"product_cat","embeddable":true,"href":"https:\/\/papaduk.com\/en\/wp-json\/wp\/v2\/product_cat?post=26316"},{"taxonomy":"product_tag","embeddable":true,"href":"https:\/\/papaduk.com\/en\/wp-json\/wp\/v2\/product_tag?post=26316"},{"taxonomy":"papapicks","embeddable":true,"href":"https:\/\/papaduk.com\/en\/wp-json\/wp\/v2\/papapicks?post=26316"},{"taxonomy":"notas-olfativas","embeddable":true,"href":"https:\/\/papaduk.com\/en\/wp-json\/wp\/v2\/notas-olfativas?post=26316"},{"taxonomy":"coleccion","embeddable":true,"href":"https:\/\/papaduk.com\/en\/wp-json\/wp\/v2\/coleccion?post=26316"},{"taxonomy":"tipo","embeddable":true,"href":"https:\/\/papaduk.com\/en\/wp-json\/wp\/v2\/tipo?post=26316"},{"taxonomy":"familias-olfativas","embeddable":true,"href":"https:\/\/papaduk.com\/en\/wp-json\/wp\/v2\/familias-olfativas?post=26316"},{"taxonomy":"marcas","embeddable":true,"href":"https:\/\/papaduk.com\/en\/wp-json\/wp\/v2\/marcas?post=26316"}],"curies":[{"name":"wp","href":"https:\/\/api.w.org\/{rel}","templated":true}]}}